{"id":2329,"date":"2026-02-18T17:42:22","date_gmt":"2026-02-18T16:42:22","guid":{"rendered":"https:\/\/www.myyogicjourney.de\/?page_id=2329"},"modified":"2026-03-10T12:54:18","modified_gmt":"2026-03-10T11:54:18","slug":"deine-praxis","status":"publish","type":"page","link":"https:\/\/www.myyogicjourney.de\/en\/deine-praxis\/","title":{"rendered":"Your Practice"},"content":{"rendered":"<p>[et_pb_section fb_built=&#8220;1&#8243; custom_padding_last_edited=&#8220;on|tablet&#8220; admin_label=&#8220;Blog&#8220; _builder_version=&#8220;4.16&#8243; background_color=&#8220;#f4f4f4&#8243; custom_padding=&#8220;60px||0px|||&#8220; custom_padding_tablet=&#8220;60px||0px|&#8220; custom_padding_phone=&#8220;&#8220; global_colors_info=&#8220;{}&#8220;][et_pb_row custom_padding_last_edited=&#8220;on|phone&#8220; admin_label=&#8220;Blog Title&#8220; _builder_version=&#8220;4.16&#8243; background_size=&#8220;initial&#8220; background_position=&#8220;top_left&#8220; background_repeat=&#8220;repeat&#8220; custom_padding=&#8220;30px|0px|64px|0px||&#8220; custom_padding_tablet=&#8220;0px||0px|&#8220; custom_padding_phone=&#8220;&#8220; global_colors_info=&#8220;{}&#8220;][et_pb_column type=&#8220;4_4&#8243; _builder_version=&#8220;4.16&#8243; custom_padding=&#8220;|||&#8220; global_colors_info=&#8220;{}&#8220; custom_padding__hover=&#8220;|||&#8220;][et_pb_text admin_label=&#8220;Look Inside Title&#8220; _builder_version=&#8220;4.22.1&#8243; text_font=&#8220;||||&#8220; text_text_color=&#8220;#1a1a1a&#8220; header_font=&#8220;Oswald|on||on|&#8220; header_text_align=&#8220;center&#8220; header_font_size=&#8220;60px&#8220; header_line_height=&#8220;1.3em&#8220; background_size=&#8220;initial&#8220; background_position=&#8220;top_left&#8220; background_repeat=&#8220;repeat&#8220; max_width=&#8220;450px&#8220; module_alignment=&#8220;center&#8220; custom_margin=&#8220;|||&#8220; custom_padding=&#8220;|||&#8220; animation_style=&#8220;slide&#8220; animation_direction=&#8220;top&#8220; animation_intensity_slide=&#8220;10%&#8220; locked=&#8220;off&#8220; global_colors_info=&#8220;{}&#8220;]<\/p>\n<h1>Your Practice<\/h1>\n<p>[\/et_pb_text][et_pb_divider color=&#8220;#027E86&#8243; divider_position=&#8220;center&#8220; divider_weight=&#8220;3px&#8220; disabled_on=&#8220;on|on|off%22&#8243; _builder_version=&#8220;4.22.1&#8243; max_width=&#8220;150px&#8220; module_alignment=&#8220;center&#8220; height=&#8220;false&#8220; custom_margin=&#8220;30px|||&#8220; animation_style=&#8220;slide&#8220; animation_direction=&#8220;top&#8220; animation_delay=&#8220;100ms&#8220; animation_intensity_slide=&#8220;10%&#8220; locked=&#8220;off&#8220; global_colors_info=&#8220;{}&#8220;][\/et_pb_divider][\/et_pb_column][\/et_pb_row][et_pb_row _builder_version=&#8220;4.22.1&#8243; _module_preset=&#8220;default&#8220; global_colors_info=&#8220;{}&#8220;][et_pb_column type=&#8220;4_4&#8243; _builder_version=&#8220;4.22.1&#8243; _module_preset=&#8220;default&#8220; global_colors_info=&#8220;{}&#8220;][et_pb_text _builder_version=&#8220;4.22.1&#8243; _module_preset=&#8220;default&#8220; text_font_size=&#8220;32px&#8220; background_image=&#8220;https:\/\/stephaniehuhn.de\/wp-content\/uploads\/2023\/09\/Dragontooth-Yoga.jpg&#8220; background_size=&#8220;initial&#8220; text_orientation=&#8220;center&#8220; custom_margin=&#8220;||25px|||&#8220; custom_padding=&#8220;||109px|||&#8220; global_colors_info=&#8220;{}&#8220;]<\/p>\n<p><strong>Flow with me&#8230;<\/strong><\/p>\n<p>&nbsp;<\/p>\n<p>&nbsp;<\/p>\n<p>&nbsp;<\/p>\n<p>&nbsp;<\/p>\n<p>[\/et_pb_text][\/et_pb_column][\/et_pb_row][et_pb_row column_structure=&#8220;1_3,1_3,1_3&#8243; _builder_version=&#8220;4.16&#8243; custom_padding=&#8220;3px|||||&#8220; locked=&#8220;off&#8220; global_colors_info=&#8220;{}&#8220;][et_pb_column type=&#8220;1_3&#8243; _builder_version=&#8220;4.16&#8243; custom_padding=&#8220;|||&#8220; global_colors_info=&#8220;{}&#8220; custom_padding__hover=&#8220;|||&#8220;][et_pb_blurb title=&#8220;Atmen&#8220; use_icon=&#8220;on&#8220; font_icon=&#8220;&#xf72e;||fa||900&#8243; icon_color=&#8220;#027E86&#8243; image_icon_width=&#8220;60px&#8220; _builder_version=&#8220;4.22.1&#8243; header_font=&#8220;Oswald|on||on|&#8220; header_font_size=&#8220;24px&#8220; body_font=&#8220;Roboto||||&#8220; body_font_size=&#8220;16px&#8220; body_line_height=&#8220;1.8em&#8220; text_orientation=&#8220;center&#8220; icon_font_size=&#8220;60px&#8220; global_colors_info=&#8220;{}&#8220;]<\/p>\n<p>Use your breath to actively influence your autonomous nervous system: relax, activate or balance it.<\/p>\n<p>[\/et_pb_blurb][\/et_pb_column][et_pb_column type=&#8220;1_3&#8243; _builder_version=&#8220;4.16&#8243; custom_padding=&#8220;|||&#8220; global_colors_info=&#8220;{}&#8220; custom_padding__hover=&#8220;|||&#8220;][et_pb_blurb title=&#8220;Yoga&#8220; use_icon=&#8220;on&#8220; font_icon=&#8220;&#xf57e;||fa||900&#8243; icon_color=&#8220;#027E86&#8243; image_icon_width=&#8220;60px&#8220; _builder_version=&#8220;4.22.1&#8243; header_font=&#8220;Oswald|on||on|&#8220; header_font_size=&#8220;24px&#8220; body_font=&#8220;Roboto||||&#8220; body_font_size=&#8220;16px&#8220; body_line_height=&#8220;1.8em&#8220; text_orientation=&#8220;center&#8220; icon_font_size=&#8220;60px&#8220; global_colors_info=&#8220;{}&#8220;]<\/p>\n<p>Use your body to discover and release blockages: become more mindful, flexible and aware.<\/p>\n<p>[\/et_pb_blurb][\/et_pb_column][et_pb_column type=&#8220;1_3&#8243; _builder_version=&#8220;4.16&#8243; custom_padding=&#8220;|||&#8220; global_colors_info=&#8220;{}&#8220; custom_padding__hover=&#8220;|||&#8220;][et_pb_blurb title=&#8220;Stress Management&#8220; use_icon=&#8220;on&#8220; font_icon=&#8220;&#xf0ae;||fa||900&#8243; icon_color=&#8220;#027E86&#8243; image_icon_width=&#8220;60px&#8220; _builder_version=&#8220;4.22.1&#8243; header_font=&#8220;Oswald|on||on|&#8220; header_font_size=&#8220;24px&#8220; body_font=&#8220;Roboto||||&#8220; body_font_size=&#8220;16px&#8220; body_line_height=&#8220;1.8em&#8220; text_orientation=&#8220;center&#8220; icon_font_size=&#8220;60px&#8220; global_colors_info=&#8220;{}&#8220;]<\/p>\n<p>Use your mind to break free from dysfunctional patterns and implement relaxed productivity.<\/p>\n<p>[\/et_pb_blurb][\/et_pb_column][\/et_pb_row][\/et_pb_section][et_pb_section fb_built=&#8220;1&#8243; _builder_version=&#8220;4.22.1&#8243; _module_preset=&#8220;default&#8220; global_colors_info=&#8220;{}&#8220;][et_pb_row column_structure=&#8220;1_4,1_4,1_4,1_4&#8243; _builder_version=&#8220;4.22.1&#8243; _module_preset=&#8220;default&#8220; global_colors_info=&#8220;{}&#8220;][et_pb_column type=&#8220;1_4&#8243; _builder_version=&#8220;4.22.1&#8243; _module_preset=&#8220;default&#8220; global_colors_info=&#8220;{}&#8220;][et_pb_heading title=&#8220;Online Sessions&#8220; _builder_version=&#8220;4.22.1&#8243; _module_preset=&#8220;default&#8220; title_level=&#8220;h2&#8243; global_colors_info=&#8220;{}&#8220;][\/et_pb_heading][et_pb_blurb title=&#8220;Live &#038; Aufzeichnung&#8220; image=&#8220;https:\/\/www.myyogicjourney.de\/wp-content\/uploads\/2026\/02\/My-Yogic-Journey_Practice_Online-Session.avif&#8220; _builder_version=&#8220;4.22.1&#8243; _module_preset=&#8220;default&#8220; global_colors_info=&#8220;{}&#8220;]<\/p>\n<p>I love flexibility and freedom which is why I want to offer you exactly that. Let us practice together online wherever we might be! Stay flexible time-wise as well: there will always be a recording.<\/p>\n<p>[\/et_pb_blurb][et_pb_button button_url=&#8220;https:\/\/www.myyogicjourney.de\/online-sessions\/&#8220; url_new_window=&#8220;on&#8220; button_text=&#8220;Lege los&#8220; _builder_version=&#8220;4.22.1&#8243; _module_preset=&#8220;default&#8220; custom_button=&#8220;on&#8220; button_text_color=&#8220;#7BA6AA&#8220; global_colors_info=&#8220;{}&#8220;][\/et_pb_button][\/et_pb_column][et_pb_column type=&#8220;1_4&#8243; _builder_version=&#8220;4.22.1&#8243; _module_preset=&#8220;default&#8220; global_colors_info=&#8220;{}&#8220;][et_pb_heading title=&#8220;Events&#8220; _builder_version=&#8220;4.22.1&#8243; _module_preset=&#8220;default&#8220; title_level=&#8220;h2&#8243; global_colors_info=&#8220;{}&#8220;][\/et_pb_heading][et_pb_blurb title=&#8220;Storytelling inklusive&#8220; image=&#8220;https:\/\/www.myyogicjourney.de\/wp-content\/uploads\/2026\/02\/My-Yogic-Journey_Practice_Event.avif&#8220; _builder_version=&#8220;4.22.1&#8243; _module_preset=&#8220;default&#8220; global_colors_info=&#8220;{}&#8220;]<\/p>\n<p>I love to be inspired and usually plan my events around a specific theme: it could be a jungle experience, an alignment cacao ceremony to start off the year or a travel-flow to Hawai'i. Let yourself be surprised!<\/p>\n<p>[\/et_pb_blurb][et_pb_button button_url=&#8220;https:\/\/www.myyogicjourney.de\/events\/&#8220; url_new_window=&#8220;on&#8220; button_text=&#8220;Tauche ein&#8220; _builder_version=&#8220;4.22.1&#8243; _module_preset=&#8220;default&#8220; custom_button=&#8220;on&#8220; button_text_color=&#8220;#7BA6AA&#8220; global_colors_info=&#8220;{}&#8220;][\/et_pb_button][\/et_pb_column][et_pb_column type=&#8220;1_4&#8243; _builder_version=&#8220;4.22.1&#8243; _module_preset=&#8220;default&#8220; global_colors_info=&#8220;{}&#8220;][et_pb_heading title=&#8220;Retreats&#8220; _builder_version=&#8220;4.22.1&#8243; _module_preset=&#8220;default&#8220; title_level=&#8220;h2&#8243; global_colors_info=&#8220;{}&#8220;][\/et_pb_heading][et_pb_blurb title=&#8220;National &#038; International&#8220; image=&#8220;https:\/\/www.myyogicjourney.de\/wp-content\/uploads\/2026\/02\/My-Yogic-Journey_Practice_Retreat.avif&#8220; _builder_version=&#8220;4.22.1&#8243; _module_preset=&#8220;default&#8220; global_colors_info=&#8220;{}&#8220;]<\/p>\n<p>I love that retreats combine many wonderful things: traveling and exploring, meeting new people with interesting stories and consciously taking time for the things that matter to us but often fall short.<\/p>\n<p>[\/et_pb_blurb][et_pb_button button_url=&#8220;https:\/\/www.myyogicjourney.de\/retreats\/&#8220; url_new_window=&#8220;on&#8220; button_text=&#8220;Nimm dir Zeit&#8220; _builder_version=&#8220;4.22.1&#8243; _module_preset=&#8220;default&#8220; custom_button=&#8220;on&#8220; button_text_color=&#8220;#7BA6AA&#8220; global_colors_info=&#8220;{}&#8220;][\/et_pb_button][\/et_pb_column][et_pb_column type=&#8220;1_4&#8243; _builder_version=&#8220;4.22.1&#8243; _module_preset=&#8220;default&#8220; global_colors_info=&#8220;{}&#8220;][et_pb_heading title=&#8220;Programme&#8220; _builder_version=&#8220;4.22.1&#8243; _module_preset=&#8220;default&#8220; title_level=&#8220;h2&#8243; global_colors_info=&#8220;{}&#8220;][\/et_pb_heading][et_pb_blurb title=&#8220;Gef\u00fchrt &#038; Selbststudium&#8220; image=&#8220;https:\/\/www.myyogicjourney.de\/wp-content\/uploads\/2026\/02\/My-Yogic-Journey_Practice_Program.avif&#8220; _builder_version=&#8220;4.22.1&#8243; _module_preset=&#8220;default&#8220; global_colors_info=&#8220;{}&#8220;]<\/p>\n<p>Dive deeper into a specific topic and integrate it into your everyday life. Programs offer the possibility for the process to do its work and though it might be a bit slower, you will notice a more sustainable change.\u00a0<\/p>\n<p>[\/et_pb_blurb][et_pb_button button_url=&#8220;https:\/\/www.myyogicjourney.de\/coming-soon\/&#8220; url_new_window=&#8220;on&#8220; button_text=&#8220;Gehe tief&#8220; _builder_version=&#8220;4.22.1&#8243; _module_preset=&#8220;default&#8220; custom_button=&#8220;on&#8220; button_text_color=&#8220;#7BA6AA&#8220; global_colors_info=&#8220;{}&#8220;][\/et_pb_button][\/et_pb_column][\/et_pb_row][et_pb_row _builder_version=&#8220;4.22.1&#8243; _module_preset=&#8220;default&#8220; global_colors_info=&#8220;{}&#8220;][et_pb_column type=&#8220;4_4&#8243; _builder_version=&#8220;4.22.1&#8243; _module_preset=&#8220;default&#8220; global_colors_info=&#8220;{}&#8220;][et_pb_divider color=&#8220;#7BA6AA&#8220; _builder_version=&#8220;4.22.1&#8243; _module_preset=&#8220;default&#8220; global_colors_info=&#8220;{}&#8220;][\/et_pb_divider][\/et_pb_column][\/et_pb_row][\/et_pb_section][et_pb_section fb_built=&#8220;1&#8243; module_id=&#8220;storyletter&#8220; _builder_version=&#8220;4.22.1&#8243; _module_preset=&#8220;default&#8220; background_color=&#8220;#9b9b9b&#8220; background_image=&#8220;https:\/\/stephaniehuhn.de\/wp-content\/uploads\/2024\/01\/Wanderlust-Lateinamerika-Weg-ins-Glueck-scaled.jpg&#8220; background_blend=&#8220;overlay&#8220; global_module=&#8220;1955&#8243; saved_tabs=&#8220;all&#8220; global_colors_info=&#8220;{}&#8220;][et_pb_row column_structure=&#8220;1_2,1_2&#8243; _builder_version=&#8220;4.22.1&#8243; _module_preset=&#8220;default&#8220; global_colors_info=&#8220;{}&#8220;][et_pb_column type=&#8220;1_2&#8243; _builder_version=&#8220;4.22.1&#8243; _module_preset=&#8220;default&#8220; global_colors_info=&#8220;{}&#8220;][et_pb_heading title=&#8220;Auf dem Weg in&#8217;s Gl\u00fcck?&#8220; _builder_version=&#8220;4.22.1&#8243; _module_preset=&#8220;default&#8220; title_font=&#8220;Roboto||||||||&#8220; title_text_color=&#8220;#f7f7f7&#8243; global_colors_info=&#8220;{}&#8220;][\/et_pb_heading][et_pb_text _builder_version=&#8220;4.22.1&#8243; _module_preset=&#8220;default&#8220; text_font=&#8220;Roboto||||||||&#8220; background_layout=&#8220;dark&#8220; global_colors_info=&#8220;{}&#8220;]<\/p>\n<p>If you would like to receive more stories and inspiration, feel free to sign up for my \u201cStoryletter\u201d!<\/p>\n<p>Every month, I will send you a photo (available for download as a screensaver for your computer or phone) along with a story from my (travel) life.<\/p>\n<p>Just sign up, confirm your email, and off you go. I\u2019m looking forward to you!<\/p>\n<p>[\/et_pb_text][\/et_pb_column][et_pb_column type=&#8220;1_2&#8243; _builder_version=&#8220;4.22.1&#8243; _module_preset=&#8220;default&#8220; global_colors_info=&#8220;{}&#8220;][et_pb_signup provider=&#8220;sendfox&#8220; sendfox_list=&#8220;default|475273&#8243; success_message=&#8220;Danke f\u00fcr die Anmeldung! Jetzt nur noch im Email-Postfach best\u00e4tigen und es geht los!&#8220; title=&#8220;Anmeldung zum Storyletter&#8220; _builder_version=&#8220;4.22.1&#8243; _module_preset=&#8220;default&#8220; background_color=&#8220;#7ba6aa&#8220; global_colors_info=&#8220;{}&#8220;][\/et_pb_signup][\/et_pb_column][\/et_pb_row][\/et_pb_section]<\/p>","protected":false},"excerpt":{"rendered":"<p>Deine praxisFlow with me&#8230; &nbsp; &nbsp; &nbsp; &nbsp;Nutze deinen Atem um dein autonomes Nervensystem aktiv zu beeinflussen: zum entspannen, aktivieren oder ausbalancieren.Nutze deinen K\u00f6rper um Blockaden aufzusp\u00fcren und zu l\u00f6sen: werde achtsamer, flexibler und bewusster.Nutze deine Gedanken um aus dysfunktionalen Mustern auszubrechen und entspannt leistungsf\u00e4hig zu werden.Ich liebe Flexibilit\u00e4t und Freiheit und m\u00f6chte dir genau [&hellip;]<\/p>","protected":false},"author":1,"featured_media":0,"parent":0,"menu_order":0,"comment_status":"closed","ping_status":"closed","template":"","meta":{"_et_pb_use_builder":"on","_et_pb_old_content":"","_et_gb_content_width":"","_monsterinsights_skip_tracking":false,"_monsterinsights_sitenote_active":false,"_monsterinsights_sitenote_note":"","_monsterinsights_sitenote_category":0,"footnotes":""},"class_list":["post-2329","page","type-page","status-publish","hentry"],"aioseo_notices":[],"_links":{"self":[{"href":"https:\/\/www.myyogicjourney.de\/en\/wp-json\/wp\/v2\/pages\/2329","targetHints":{"allow":["GET"]}}],"collection":[{"href":"https:\/\/www.myyogicjourney.de\/en\/wp-json\/wp\/v2\/pages"}],"about":[{"href":"https:\/\/www.myyogicjourney.de\/en\/wp-json\/wp\/v2\/types\/page"}],"author":[{"embeddable":true,"href":"https:\/\/www.myyogicjourney.de\/en\/wp-json\/wp\/v2\/users\/1"}],"replies":[{"embeddable":true,"href":"https:\/\/www.myyogicjourney.de\/en\/wp-json\/wp\/v2\/comments?post=2329"}],"version-history":[{"count":7,"href":"https:\/\/www.myyogicjourney.de\/en\/wp-json\/wp\/v2\/pages\/2329\/revisions"}],"predecessor-version":[{"id":2530,"href":"https:\/\/www.myyogicjourney.de\/en\/wp-json\/wp\/v2\/pages\/2329\/revisions\/2530"}],"wp:attachment":[{"href":"https:\/\/www.myyogicjourney.de\/en\/wp-json\/wp\/v2\/media?parent=2329"}],"curies":[{"name":"wp","href":"https:\/\/api.w.org\/{rel}","templated":true}]}}